{"id":1579,"date":"2024-06-13T15:36:49","date_gmt":"2024-06-13T13:36:49","guid":{"rendered":"https:\/\/healthcare.storkcom.com\/plan-du-site\/"},"modified":"2024-09-26T10:55:05","modified_gmt":"2024-09-26T08:55:05","slug":"sitemap","status":"publish","type":"page","link":"https:\/\/healthcare.storkcom.com\/en\/sitemap\/","title":{"rendered":"Sitemap"},"content":{"rendered":"<div class=\"wpb-content-wrapper\"><p>[vc_row el_class=&#8221;extrait-header&#8221;][vc_column width=&#8221;7\/12&#8243;][vc_column_text css=&#8221;&#8221;]<strong>Find here all the pages, articles and achievements of Storkcom&#8217;s Industry website.<\/strong><\/p>\n<p>Discover our solutions dedicated to the digitalization of industrial processes, our innovative projects and our articles on the latest technological trends.<\/p>\n<p>Browse our case studies to see how we&#8217;ve helped our customers improve their productivity and efficiency.[\/vc_column_text][\/vc_column][vc_column width=&#8221;3\/12&#8243;][\/vc_column][vc_column width=&#8221;2\/12&#8243;][\/vc_column][\/vc_row][vc_row][vc_column][vc_empty_space height=&#8221;60px&#8221;][\/vc_column][\/vc_row][vc_row][vc_column width=&#8221;1\/2&#8243;][vc_single_image image=&#8221;1403&#8243; img_size=&#8221;large&#8221; css=&#8221;&#8221;][vc_column_text css=&#8221;&#8221;]<div class=\"wsp-container\"><h2 class=\"wsp-pages-title\">Pages<\/h2>\n<ul class=\"wsp-pages-list\">\n<li class=\"page_item page-item-1572\"><a href=\"https:\/\/healthcare.storkcom.com\/en\/contact\/\">Contact<\/a><\/li>\n<li class=\"page_item page-item-461\"><a href=\"https:\/\/healthcare.storkcom.com\/en\/\">Home<\/a><\/li>\n<li class=\"page_item page-item-1592\"><a href=\"https:\/\/healthcare.storkcom.com\/en\/laundry\/\">Laundry<\/a><\/li>\n<li class=\"page_item page-item-1584\"><a href=\"https:\/\/healthcare.storkcom.com\/en\/legal-notices\/\">Legal Notices<\/a><\/li>\n<li class=\"page_item page-item-1629\"><a href=\"https:\/\/healthcare.storkcom.com\/en\/localisation\/\">Localisation<\/a><\/li>\n<li class=\"page_item page-item-1620\"><a href=\"https:\/\/healthcare.storkcom.com\/en\/logistics\/\">Logistics<\/a><\/li>\n<li class=\"page_item page-item-651 current_page_parent\"><a href=\"https:\/\/healthcare.storkcom.com\/en\/news\/\">News<\/a><\/li>\n<li class=\"page_item page-item-1567\"><a href=\"https:\/\/healthcare.storkcom.com\/en\/partners\/\">Our Partners<\/a><\/li>\n<li class=\"page_item page-item-1579\"><a href=\"https:\/\/healthcare.storkcom.com\/en\/sitemap\/\">Sitemap<\/a><\/li>\n<li class=\"page_item page-item-1615\"><a href=\"https:\/\/healthcare.storkcom.com\/en\/manufacturing\/\">Track<\/a><\/li>\n<\/ul>\n<\/div>[\/vc_column_text][\/vc_column][vc_column width=&#8221;1\/2&#8243;][vc_column_text css=&#8221;&#8221;]<div class=\"wsp-container\"><h2 class=\"wsp-realisations-title\">Achievements<\/h2>\n<ul class=\"wsp-realisations-list\">\n<li><a href=\"https:\/\/healthcare.storkcom.com\/en\/achievements\/association-notre-dame\/\">Association Notre Dame<\/a><\/li>\n<li><a href=\"https:\/\/healthcare.storkcom.com\/en\/achievements\/chu-bordeaux\/\">CHU de Bordeaux<\/a><\/li>\n<li><a href=\"https:\/\/healthcare.storkcom.com\/en\/achievements\/aphp\/\">Assistance Publique \u2013 H\u00f4pitaux de Paris<\/a><\/li>\n<li><a href=\"https:\/\/healthcare.storkcom.com\/en\/achievements\/biomae\/\">BIOMAE<\/a><\/li>\n<\/ul>\n<\/div>[\/vc_column_text][vc_column_text css=&#8221;&#8221;]<div class=\"wsp-container\"><h2 class=\"wsp-posts-title\">Posts by category<\/h2>\n<ul class=\"wsp-posts-list\">\n\t<li><strong class=\"wsp-category-title\">Category: <a href=\"https:\/\/healthcare.storkcom.com\/en\/category\/achievements\/\">Achievements<\/a><\/strong>\n<ul class=\"wsp-posts-list\">\t\t<li class=\"wsp-post\"><a href=\"https:\/\/healthcare.storkcom.com\/en\/success-story-association-notre-dame\/\">Success Story \/ Association Notre Dame<\/a><\/li>\n<\/ul><\/li>\n\t<li><strong class=\"wsp-category-title\">Category: <a href=\"https:\/\/healthcare.storkcom.com\/en\/category\/events\/\">Events<\/a><\/strong>\n<ul class=\"wsp-posts-list\">\t\t<li class=\"wsp-post\"><a href=\"https:\/\/healthcare.storkcom.com\/en\/texcare-2023\/\">Texcare 2023<\/a><\/li>\n\t\t<li class=\"wsp-post\"><a href=\"https:\/\/healthcare.storkcom.com\/en\/santexpo-2023\/\">Santexpo 2023<\/a><\/li>\n<\/ul><\/li>\n\t<li><strong class=\"wsp-category-title\">Category: <a href=\"https:\/\/healthcare.storkcom.com\/en\/category\/laundry-en\/\">Laundry<\/a><\/strong>\n<ul class=\"wsp-posts-list\">\t\t<li class=\"wsp-post\"><a href=\"https:\/\/healthcare.storkcom.com\/en\/adhesion-pasca\/\">PASCA membership<\/a><\/li>\n<\/ul><\/li>\n\t<li><strong class=\"wsp-category-title\">Category: <a href=\"https:\/\/healthcare.storkcom.com\/en\/category\/statements\/\">Statements<\/a><\/strong>\n<\/li>\n<\/ul>\n<\/div>[\/vc_column_text][\/vc_column][\/vc_row][vc_row full_width=&#8221;stretch_row&#8221; disable_element=&#8221;yes&#8221; el_class=&#8221;bg-noir contact-page&#8221;][vc_column width=&#8221;1\/12&#8243;][\/vc_column][vc_column width=&#8221;5\/12&#8243;][vc_column_text css=&#8221;&#8221;]<\/p>\n<h2>Service client<\/h2>\n<p>[\/vc_column_text][vc_column_text css=&#8221;&#8221;]<strong>Pour tout support technique, notre service client est \u00e0 votre disposition et r\u00e9pondra \u00e0 vos demandes dans les meilleurs d\u00e9lais.<\/strong>[\/vc_column_text][\/vc_column][vc_column width=&#8221;1\/12&#8243;][\/vc_column][vc_column width=&#8221;5\/12&#8243;][vc_column_text css=&#8221;&#8221; el_class=&#8221;mail&#8221;]<strong>support(@)storkcom.com<\/strong>[\/vc_column_text][vc_column_text css=&#8221;&#8221; el_class=&#8221;phone&#8221;]<strong>+33(0) 546\u00a0340 111<\/strong>[\/vc_column_text][vc_column_text css=&#8221;&#8221; el_class=&#8221;horaires&#8221;]<strong>Horaires d\u2019ouverture<\/strong><br \/>\nlundi au vendredi<br \/>\n9h &#8211; 12h30 \/ 13h30 &#8211; 18h[\/vc_column_text][\/vc_column][\/vc_row]<\/p>\n<\/div>","protected":false},"excerpt":{"rendered":"<p>[vc_row el_class=&#8221;extrait-header&#8221;][vc_column width=&#8221;7\/12&#8243;][vc_column_text css=&#8221;&#8221;]Find here all the pages, articles and achievements of Storkcom&#8217;s Industry website. Discover our solutions dedicated to the digitalization of industrial processes, our innovative projects and our articles on the latest technological trends. Browse our case studies to see how we&#8217;ve helped our customers improve their productivity and efficiency.[\/vc_column_text][\/vc_column][vc_column width=&#8221;3\/12&#8243;][\/vc_column][vc_column width=&#8221;2\/12&#8243;][\/vc_column][\/vc_row][vc_row][vc_column][vc_empty_space height=&#8221;60px&#8221;][\/vc_column][\/vc_row][vc_row][vc_column [&hellip;]<\/p>\n","protected":false},"author":1,"featured_media":0,"parent":0,"menu_order":0,"comment_status":"closed","ping_status":"closed","template":"","meta":{"_acf_changed":false,"inline_featured_image":false,"footnotes":""},"class_list":["post-1579","page","type-page","status-publish","hentry"],"acf":[],"yoast_head":"<!-- This site is optimized with the Yoast SEO plugin v27.3 - https:\/\/yoast.com\/product\/yoast-seo-wordpress\/ -->\n<title>Sitemap | WIEW Healthcare by Storkcom<\/title>\n<meta name=\"robots\" content=\"index, follow, max-snippet:-1, max-image-preview:large, max-video-preview:-1\" \/>\n<link rel=\"canonical\" href=\"https:\/\/healthcare.storkcom.com\/en\/sitemap\/\" \/>\n<meta property=\"og:locale\" content=\"en_US\" \/>\n<meta property=\"og:type\" content=\"article\" \/>\n<meta property=\"og:title\" content=\"Sitemap | WIEW Healthcare by Storkcom\" \/>\n<meta property=\"og:description\" content=\"[vc_row el_class=&#8221;extrait-header&#8221;][vc_column width=&#8221;7\/12&#8243;][vc_column_text css=&#8221;&#8221;]Find here all the pages, articles and achievements of Storkcom&#8217;s Industry website. Discover our solutions dedicated to the digitalization of industrial processes, our innovative projects and our articles on the latest technological trends. Browse our case studies to see how we&#8217;ve helped our customers improve their productivity and efficiency.[\/vc_column_text][\/vc_column][vc_column width=&#8221;3\/12&#8243;][\/vc_column][vc_column width=&#8221;2\/12&#8243;][\/vc_column][\/vc_row][vc_row][vc_column][vc_empty_space height=&#8221;60px&#8221;][\/vc_column][\/vc_row][vc_row][vc_column [&hellip;]\" \/>\n<meta property=\"og:url\" content=\"https:\/\/healthcare.storkcom.com\/en\/sitemap\/\" \/>\n<meta property=\"og:site_name\" content=\"WIEW Healthcare by Storkcom\" \/>\n<meta property=\"article:modified_time\" content=\"2024-09-26T08:55:05+00:00\" \/>\n<meta property=\"og:image\" content=\"https:\/\/healthcare.storkcom.com\/wp-content\/uploads\/2024\/06\/mockup-tools.png\" \/>\n\t<meta property=\"og:image:width\" content=\"427\" \/>\n\t<meta property=\"og:image:height\" content=\"427\" \/>\n\t<meta property=\"og:image:type\" content=\"image\/png\" \/>\n<meta name=\"twitter:card\" content=\"summary_large_image\" \/>\n<meta name=\"twitter:label1\" content=\"Est. reading time\" \/>\n\t<meta name=\"twitter:data1\" content=\"1 minute\" \/>\n<script type=\"application\/ld+json\" class=\"yoast-schema-graph\">{\"@context\":\"https:\\\/\\\/schema.org\",\"@graph\":[{\"@type\":\"WebPage\",\"@id\":\"https:\\\/\\\/healthcare.storkcom.com\\\/en\\\/sitemap\\\/\",\"url\":\"https:\\\/\\\/healthcare.storkcom.com\\\/en\\\/sitemap\\\/\",\"name\":\"Sitemap | WIEW Healthcare by Storkcom\",\"isPartOf\":{\"@id\":\"https:\\\/\\\/healthcare.storkcom.com\\\/en\\\/#website\"},\"datePublished\":\"2024-06-13T13:36:49+00:00\",\"dateModified\":\"2024-09-26T08:55:05+00:00\",\"breadcrumb\":{\"@id\":\"https:\\\/\\\/healthcare.storkcom.com\\\/en\\\/sitemap\\\/#breadcrumb\"},\"inLanguage\":\"en-US\",\"potentialAction\":[{\"@type\":\"ReadAction\",\"target\":[\"https:\\\/\\\/healthcare.storkcom.com\\\/en\\\/sitemap\\\/\"]}]},{\"@type\":\"BreadcrumbList\",\"@id\":\"https:\\\/\\\/healthcare.storkcom.com\\\/en\\\/sitemap\\\/#breadcrumb\",\"itemListElement\":[{\"@type\":\"ListItem\",\"position\":1,\"name\":\"Home\",\"item\":\"https:\\\/\\\/healthcare.storkcom.com\\\/en\\\/\"},{\"@type\":\"ListItem\",\"position\":2,\"name\":\"Sitemap\"}]},{\"@type\":\"WebSite\",\"@id\":\"https:\\\/\\\/healthcare.storkcom.com\\\/en\\\/#website\",\"url\":\"https:\\\/\\\/healthcare.storkcom.com\\\/en\\\/\",\"name\":\"WIEW Healthcare by Storkcom\",\"description\":\"A SIMPLER SMARTER TOOL MANAGEMENT\",\"potentialAction\":[{\"@type\":\"SearchAction\",\"target\":{\"@type\":\"EntryPoint\",\"urlTemplate\":\"https:\\\/\\\/healthcare.storkcom.com\\\/en\\\/?s={search_term_string}\"},\"query-input\":{\"@type\":\"PropertyValueSpecification\",\"valueRequired\":true,\"valueName\":\"search_term_string\"}}],\"inLanguage\":\"en-US\"}]}<\/script>\n<!-- \/ Yoast SEO plugin. -->","yoast_head_json":{"title":"Sitemap | WIEW Healthcare by Storkcom","robots":{"index":"index","follow":"follow","max-snippet":"max-snippet:-1","max-image-preview":"max-image-preview:large","max-video-preview":"max-video-preview:-1"},"canonical":"https:\/\/healthcare.storkcom.com\/en\/sitemap\/","og_locale":"en_US","og_type":"article","og_title":"Sitemap | WIEW Healthcare by Storkcom","og_description":"[vc_row el_class=&#8221;extrait-header&#8221;][vc_column width=&#8221;7\/12&#8243;][vc_column_text css=&#8221;&#8221;]Find here all the pages, articles and achievements of Storkcom&#8217;s Industry website. Discover our solutions dedicated to the digitalization of industrial processes, our innovative projects and our articles on the latest technological trends. Browse our case studies to see how we&#8217;ve helped our customers improve their productivity and efficiency.[\/vc_column_text][\/vc_column][vc_column width=&#8221;3\/12&#8243;][\/vc_column][vc_column width=&#8221;2\/12&#8243;][\/vc_column][\/vc_row][vc_row][vc_column][vc_empty_space height=&#8221;60px&#8221;][\/vc_column][\/vc_row][vc_row][vc_column [&hellip;]","og_url":"https:\/\/healthcare.storkcom.com\/en\/sitemap\/","og_site_name":"WIEW Healthcare by Storkcom","article_modified_time":"2024-09-26T08:55:05+00:00","og_image":[{"width":427,"height":427,"url":"https:\/\/healthcare.storkcom.com\/wp-content\/uploads\/2024\/06\/mockup-tools.png","type":"image\/png"}],"twitter_card":"summary_large_image","twitter_misc":{"Est. reading time":"1 minute"},"schema":{"@context":"https:\/\/schema.org","@graph":[{"@type":"WebPage","@id":"https:\/\/healthcare.storkcom.com\/en\/sitemap\/","url":"https:\/\/healthcare.storkcom.com\/en\/sitemap\/","name":"Sitemap | WIEW Healthcare by Storkcom","isPartOf":{"@id":"https:\/\/healthcare.storkcom.com\/en\/#website"},"datePublished":"2024-06-13T13:36:49+00:00","dateModified":"2024-09-26T08:55:05+00:00","breadcrumb":{"@id":"https:\/\/healthcare.storkcom.com\/en\/sitemap\/#breadcrumb"},"inLanguage":"en-US","potentialAction":[{"@type":"ReadAction","target":["https:\/\/healthcare.storkcom.com\/en\/sitemap\/"]}]},{"@type":"BreadcrumbList","@id":"https:\/\/healthcare.storkcom.com\/en\/sitemap\/#breadcrumb","itemListElement":[{"@type":"ListItem","position":1,"name":"Home","item":"https:\/\/healthcare.storkcom.com\/en\/"},{"@type":"ListItem","position":2,"name":"Sitemap"}]},{"@type":"WebSite","@id":"https:\/\/healthcare.storkcom.com\/en\/#website","url":"https:\/\/healthcare.storkcom.com\/en\/","name":"WIEW Healthcare by Storkcom","description":"A SIMPLER SMARTER TOOL MANAGEMENT","potentialAction":[{"@type":"SearchAction","target":{"@type":"EntryPoint","urlTemplate":"https:\/\/healthcare.storkcom.com\/en\/?s={search_term_string}"},"query-input":{"@type":"PropertyValueSpecification","valueRequired":true,"valueName":"search_term_string"}}],"inLanguage":"en-US"}]}},"_links":{"self":[{"href":"https:\/\/healthcare.storkcom.com\/en\/wp-json\/wp\/v2\/pages\/1579","targetHints":{"allow":["GET"]}}],"collection":[{"href":"https:\/\/healthcare.storkcom.com\/en\/wp-json\/wp\/v2\/pages"}],"about":[{"href":"https:\/\/healthcare.storkcom.com\/en\/wp-json\/wp\/v2\/types\/page"}],"author":[{"embeddable":true,"href":"https:\/\/healthcare.storkcom.com\/en\/wp-json\/wp\/v2\/users\/1"}],"replies":[{"embeddable":true,"href":"https:\/\/healthcare.storkcom.com\/en\/wp-json\/wp\/v2\/comments?post=1579"}],"version-history":[{"count":3,"href":"https:\/\/healthcare.storkcom.com\/en\/wp-json\/wp\/v2\/pages\/1579\/revisions"}],"predecessor-version":[{"id":1582,"href":"https:\/\/healthcare.storkcom.com\/en\/wp-json\/wp\/v2\/pages\/1579\/revisions\/1582"}],"wp:attachment":[{"href":"https:\/\/healthcare.storkcom.com\/en\/wp-json\/wp\/v2\/media?parent=1579"}],"curies":[{"name":"wp","href":"https:\/\/api.w.org\/{rel}","templated":true}]}}